{"id":54,"date":"2024-02-27T21:30:08","date_gmt":"2024-02-27T20:30:08","guid":{"rendered":"https:\/\/giterossignoliere.fr\/index.php\/portfolio-page\/"},"modified":"2025-08-16T11:58:46","modified_gmt":"2025-08-16T09:58:46","slug":"description-equipements","status":"publish","type":"page","link":"https:\/\/giterossignoliere.fr\/index.php\/description-equipements\/","title":{"rendered":"\u00c9quipements"},"content":{"rendered":"\n<div class=\"wp-block-group alignfull has-raft-bg-alt-background-color has-background is-layout-constrained wp-container-core-group-is-layout-ca21e7af wp-block-group-is-layout-constrained\" style=\"margin-top:0;margin-bottom:0;padding-top:var(--wp--preset--spacing--80);padding-right:var(--wp--preset--spacing--40);padding-bottom:var(--wp--preset--spacing--80);padding-left:var(--wp--preset--spacing--40)\">\n<h1 class=\"wp-block-heading alignwide has-text-align-center\">Description<\/h1>\n<\/div>\n\n\n\n<div id=\"wp-block-themeisle-blocks-accordion-21b5801c\" class=\"wp-block-themeisle-blocks-accordion exclusive\">\n<details class=\"wp-block-themeisle-blocks-accordion-item\"><summary class=\"wp-block-themeisle-blocks-accordion-item__title\"><div>Cuisine am\u00e9nag\u00e9e<\/div><\/summary><div class=\"wp-block-themeisle-blocks-accordion-item__content\">\n<p>\u00e9tat neuf, fen\u00eatre avec rideaux bise bise ancien, 1 convecteur rayonnant<\/p>\n\n\n\n<p>Frigidaire, lave vaisselle, four \u00e9lectrique, cuisson 4 feux gaz, commode avec fa\u00efence, cadre ancien sur murs, marmite plastic&nbsp;; les murs sont peints \u00e9tat neuf, 2 cafeti\u00e8res &nbsp;\u00e9lectrique, four micro onde + cloche, grille pains&nbsp;, 1 bouilloire.<\/p>\n\n\n\n<p>Dans placard&nbsp;: 24 verres coupes champagne, 8 verres jus de fruits, 6 chopes a bi\u00e8re, 1 entonnoir, 1 presse citron, 1 pichet terre 6 torchons, 1 fer a repasser<\/p>\n\n\n\n<p>22 verres whisky, 10 verres ordinaires, 23 verres a pieds, 1 tupperware rond, 1 carr\u00e9, 1 orange, 1 fouet manivelle, pour les gla\u00e7ons, 12 coquetiers plastiques, 1 planchette \u00e0 pains, 1 \u00e9cumoire plastique noir<\/p>\n\n\n\n<p>9 bols marron arcopal, 1 bol alu, 6 ramequins bleus ronds et 2 ovales, 1 saladier verre, 2 plastiques, 1 verseuse caf\u00e9 marron, 1 pichet verre, 1 couteau \u00e9lectrique<\/p>\n\n\n\n<p>12 assiettes creuses blanches, 32 assiettes plates, 33 assiettes dessert, 3 assiettes fleuries plastiques, selfs 6+6+6, 4 corbeilles \u00e0 pains + 1 grande corbeille fruits, 2 grands plateaux, 2 dessous de plat 1 en bois et 1 m\u00e9tal, assiette b\u00e9b\u00e9 chauffante<\/p>\n\n\n\n<p>24 tasses a caf\u00e9, 4 soucoupes, 1 passette,<\/p>\n\n\n\n<p>25 cuill\u00e8res \u00e0 soupe, 24 fourchettes, 24 cuill\u00e8res a caf\u00e9, 24couteaux, 3 couverts a salade, 2 spatules bois, 1 cuill\u00e8re \u00e0 cerises, 1 ouvre boite, 1 \u00e9pluche l\u00e9gumes, 1 vieux ciseau,1 couteau fromage, 1 tire bouchon, 1 corbeille alu<\/p>\n\n\n\n<p>1 cocotte, 1 autocuiseur, 1 robot manuel, 1 essoreuse salade, 7 casseroles, 5 po\u00eales, 1 plat rond l\u00e9gumes, 1 plat pyrex, 1 plateau alu, 1 grand plat inox, 2 couvercles, 2 moules a tartes, 2 vieux plats alu, lustre rose au plafond,&nbsp; 1 tr\u00e8s grand plat ovale en inox, 1 grand plat rond avec 2 oreilles en m\u00e9tal tachet\u00e9.<\/p>\n<\/div><\/details>\n\n\n\n<details class=\"wp-block-themeisle-blocks-accordion-item\"><summary class=\"wp-block-themeisle-blocks-accordion-item__title\"><div>S\u00e9jour<\/div><\/summary><div class=\"wp-block-themeisle-blocks-accordion-item__content\">\n<p>Grande table, 3 bancs, 12 &nbsp;chaises, 1 armoire, 1 huche, 1 fut, 1 porte manteau, 1 table, 3 vieux cadres, 1 cadre avec fleur, 2 grands cadres avec photos. Petite table avec t\u00e9l\u00e9viseur, 3 tapis.<\/p>\n\n\n\n<p>2 petits pots jaune et rouge, nappe bulgomme verte, nappe couleur grise brod\u00e9e, nappe jaune fleurie neuve, lustre et appliques en laitons, 1 fauteuil bois ancien<\/p>\n\n\n\n<p>Murs peints neuf, carrelage neuf. Fen\u00eatres avec rideaux bise bise ancien, 2 convecteurs rayonnants<\/p>\n<\/div><\/details>\n\n\n\n<details class=\"wp-block-themeisle-blocks-accordion-item\"><summary class=\"wp-block-themeisle-blocks-accordion-item__title\"><div>WC rez-de-chauss\u00e9e<\/div><\/summary><div class=\"wp-block-themeisle-blocks-accordion-item__content\">\n<p>Murs peints neuf, sol en \u00e9tat, petit lavabo en robinetterie en \u00e9tat, lustre tulipe, 1 poubelle<\/p>\n<\/div><\/details>\n<\/div>\n\n\n\n<div id=\"wp-block-themeisle-blocks-accordion-90349a29\" class=\"wp-block-themeisle-blocks-accordion exclusive\">\n<details class=\"wp-block-themeisle-blocks-accordion-item\"><summary class=\"wp-block-themeisle-blocks-accordion-item__title\"><div>Salle de bains rez-de-chauss\u00e9e<\/div><\/summary><div class=\"wp-block-themeisle-blocks-accordion-item__content\">\n<p>Baignoire, meuble lavabo avec grande glace le tout en \u00e9tat neuf, murs en \u00e9tat, 1 tapis au sol lustre au plafond, 1 porte serviette sur pied, 1 poubelle<\/p>\n\n\n\n<p>1 convecteur \u00e9lectrique<\/p>\n<\/div><\/details>\n\n\n\n<details class=\"wp-block-themeisle-blocks-accordion-item\"><summary class=\"wp-block-themeisle-blocks-accordion-item__title\"><div>Couloir rez-de-chauss\u00e9e<\/div><\/summary><div class=\"wp-block-themeisle-blocks-accordion-item__content\">\n<p>Lustre au plafond, sols et murs en \u00e9tat neuf.<\/p>\n<\/div><\/details>\n\n\n\n<details class=\"wp-block-themeisle-blocks-accordion-item\"><summary class=\"wp-block-themeisle-blocks-accordion-item__title\"><div>Arri\u00e8re-cuisine<\/div><\/summary><div class=\"wp-block-themeisle-blocks-accordion-item__content\">\n<p>Evier ancien en \u00e9tat, aspirateur, balais, bassine, seau serpilli\u00e8res, frigidaire cong\u00e9lateur, 1 bouteille gaz., lave linge<\/p>\n<\/div><\/details>\n<\/div>\n\n\n\n<div id=\"wp-block-themeisle-blocks-accordion-70429933\" class=\"wp-block-themeisle-blocks-accordion exclusive\">\n<details class=\"wp-block-themeisle-blocks-accordion-item\"><summary class=\"wp-block-themeisle-blocks-accordion-item__title\"><div>Chambre rez-de-chauss\u00e9e<\/div><\/summary><div class=\"wp-block-themeisle-blocks-accordion-item__content\">\n<p>Lit 140 matelas sommier cache matelas neuf, 2 taies oreillers recouvertes, 1 Lit &nbsp;avec sommier sur pieds , matelas, cache matelas, 1 taie oreiller recouverte, couvertures dans chaque lits et couvre pieds, placards penderies contenant couvertures et dessus lits, murs et sol \u00e9tat neuf, 2 descentes de lits 1 chaise, 1 chevet , 3 cadres au murs, 1 lustre, 2 couvertures par lit, 2 couvre pieds, fen\u00eatre avec rideaux bise bise ancien, 1 convecteur \u00e9lectrique<\/p>\n\n\n\n<p>Escalier pour \u00e9tage \u00e9tat neuf, 1 cadre a mi-escalier<\/p>\n<\/div><\/details>\n\n\n\n<details class=\"wp-block-themeisle-blocks-accordion-item\"><summary class=\"wp-block-themeisle-blocks-accordion-item__title\"><div>\u00c9tage mezannine<\/div><\/summary><div class=\"wp-block-themeisle-blocks-accordion-item__content\">\n<p>Sol stratifi\u00e9 propre en \u00e9tat, canap\u00e9 3 places en \u00e9tat, 2 fauteuils en \u00e9tat, 1 table de salon en \u00e9tat1 t\u00e9l\u00e9 bar avec t\u00e9l\u00e9viseur en \u00e9tat, murs peints \u00e9tat neuf, 2 cadres<\/p>\n\n\n\n<p>1 sommier sur pieds avec matelas, cache matelas, traversin, couverture, couvre lit, 1 chaise, lampe de chevet, 1 convecteur \u00e9lectrique, 2 velux<\/p>\n\n\n\n<p>Coin perdu avec 2 bonbonnes terre oreille cass\u00e9, 1 bonbonne verre.<\/p>\n<\/div><\/details>\n<\/div>\n\n\n\n<div id=\"wp-block-themeisle-blocks-accordion-47ccd539\" class=\"wp-block-themeisle-blocks-accordion exclusive\">\n<details class=\"wp-block-themeisle-blocks-accordion-item\"><summary class=\"wp-block-themeisle-blocks-accordion-item__title\"><div>Chambre sur parking<\/div><\/summary><div class=\"wp-block-themeisle-blocks-accordion-item__content\">\n<p>1 lit 140 en pin avec sommier, matelas, 2 oreillers plumes et ses taies, 1 couverture, 1 couvre lit corail, 1 lit pin 90 avec sommier, matelas, 1 oreiller et sa taie, 1 couverture, 1 couvre lit corail, 1 lit pain 90 avec sommier, matelas, 1 oreiller et sa taie, 1 couverture, 1 duvet rouge<\/p>\n\n\n\n<p>1 bancelle avec 1 lampe chevet, 1 table de nuit pin avec 1 lampe chevet, 1 ling\u00e8re avec devant toile lin&nbsp;qui contient des couvertures, lit d\u2019enfant ancien&nbsp;; les 3 lits ont des caches matelas, 2 vieilles chaises<\/p>\n\n\n\n<p>Rideaux \u00e0 la porte fen\u00eatre corail, sol stratifi\u00e9 \u00e9tat neuf, murs peints \u00e9tat neuf, 1 convecteur \u00e9lectrique<\/p>\n<\/div><\/details>\n\n\n\n<details class=\"wp-block-themeisle-blocks-accordion-item\"><summary class=\"wp-block-themeisle-blocks-accordion-item__title\"><div>Couloir desservant WC<\/div><\/summary><div class=\"wp-block-themeisle-blocks-accordion-item__content\">\n<p>D\u00e9limit\u00e9 par store, sol stratifie neuf murs peints neufs<\/p>\n\n\n\n<p>WC&nbsp; \u00e9tat neuf, murs peints neufs, sol carrel\u00e9 neuf, 1 poubelle<\/p>\n<\/div><\/details>\n<\/div>\n\n\n\n<div id=\"wp-block-themeisle-blocks-accordion-dbea5c6d\" class=\"wp-block-themeisle-blocks-accordion exclusive\">\n<details class=\"wp-block-themeisle-blocks-accordion-item\"><summary class=\"wp-block-themeisle-blocks-accordion-item__title\"><div>Salle d&rsquo;eau<\/div><\/summary><div class=\"wp-block-themeisle-blocks-accordion-item__content\">\n<p>1 douche, 1 meuble avec lavabo et grande glace le tout neuf, sol carrel\u00e9 neuf, murs peints neuf, 1 tapis bains, 1 porte serviette sur pied, 1 convecteur \u00e9lectrique, 1 velux, 1 poubelle<\/p>\n<\/div><\/details>\n\n\n\n<details class=\"wp-block-themeisle-blocks-accordion-item\"><summary class=\"wp-block-themeisle-blocks-accordion-item__title\"><div>Chambre verte<\/div><\/summary><div class=\"wp-block-themeisle-blocks-accordion-item__content\">\n<p>Sol stratifi\u00e9 neuf, murs peints neufs, Velux<\/p>\n\n\n\n<p>1 lit 140 avec sommier matelas, 2 oreillers et ses taies, 1 couverture, 1 couvre lit vert, 2 tables de nuit , 1 lampe de chevet, 2 lits &nbsp;bois 90 avec sommier matelas, 1 couverture, 1 couvre lit vert, 1 petite penderie avec couvertures dedans, 1 vieille chaise 1 convecteur \u00e9lectrique<\/p>\n<\/div><\/details>\n<\/div>\n\n\n\n<div id=\"wp-block-themeisle-blocks-accordion-208f6fd1\" class=\"wp-block-themeisle-blocks-accordion exclusive\">\n<details class=\"wp-block-themeisle-blocks-accordion-item\"><summary class=\"wp-block-themeisle-blocks-accordion-item__title\"><div>Ext\u00e9rieur<\/div><\/summary><div class=\"wp-block-themeisle-blocks-accordion-item__content\">\n<p>Salon de jardin avec table + 6 chaises + 3 parasols + 1 bain soleil + barbecue, 2 fauteuils relax<\/p>\n<\/div><\/details>\n\n\n\n<details class=\"wp-block-themeisle-blocks-accordion-item\"><summary class=\"wp-block-themeisle-blocks-accordion-item__title\"><div>Rappel : \u00e0 votre d\u00e9part&#8230;<\/div><\/summary><div class=\"wp-block-themeisle-blocks-accordion-item__content\">\n<p>IL EST RAPPEL\u00c9 QUE LORSQUE VOUS PARTEZ VOUS PARTEZ&nbsp;, MERCI DE FERMER LES VELUX ET ACCROCHER LES VOLETS AFIN QU\u2019ILS NE BATTENT&nbsp;AU VENT.<\/p>\n<\/div><\/details>\n<\/div>\n\n\n\n<div class=\"wp-block-file aligncenter\"><a id=\"wp-block-file--media-d05d4f1b-8177-46c4-b481-75b8e521e1ed\" href=\"https:\/\/giterossignoliere.fr\/wp-content\/uploads\/2025\/08\/Contrat-Location-La-Rossignoliere.pdf\">Contrat Location La Rossignoliere<\/a><a href=\"https:\/\/giterossignoliere.fr\/wp-content\/uploads\/2025\/08\/Contrat-Location-La-Rossignoliere.pdf\" class=\"wp-block-file__button wp-element-button\" download aria-describedby=\"wp-block-file--media-d05d4f1b-8177-46c4-b481-75b8e521e1ed\">T\u00e9l\u00e9charger<\/a><\/div>\n\n\n\n<div class=\"wp-block-file aligncenter\"><a id=\"wp-block-file--media-1d1e6b76-55ef-44ba-af99-ef9a973d59c8\" href=\"https:\/\/giterossignoliere.fr\/wp-content\/uploads\/2024\/02\/descriptif-La-Rossignoliere-1.pdf\"><strong>Descriptif d\u00e9taill\u00e9<\/strong><\/a><a href=\"https:\/\/giterossignoliere.fr\/wp-content\/uploads\/2024\/02\/descriptif-La-Rossignoliere-1.pdf\" class=\"wp-block-file__button wp-element-button\" download aria-describedby=\"wp-block-file--media-1d1e6b76-55ef-44ba-af99-ef9a973d59c8\">T\u00e9l\u00e9charger<\/a><\/div>\n\n\n\n<div style=\"height:34px\" aria-hidden=\"true\" class=\"wp-block-spacer\"><\/div>\n\n\n\n<div class=\"wp-block-group alignfull has-raft-fg-alt-color has-raft-bg-inv-background-color has-text-color has-background has-link-color wp-elements-5dfb3e39be90017e6da9c157c673e5f7 is-layout-flow wp-container-core-group-is-layout-60ec7785 wp-block-group-is-layout-flow\" style=\"margin-top:0;margin-bottom:0;padding-top:0;padding-right:0;padding-bottom:0;padding-left:0\">\n<div class=\"wp-block-columns is-layout-flex wp-container-core-columns-is-layout-87535699 wp-block-columns-is-layout-flex\" style=\"margin-top:0;margin-bottom:0;padding-top:0;padding-right:0;padding-bottom:0;padding-left:0\">\n<div class=\"wp-block-column is-vertically-aligned-stretch is-layout-flow wp-block-column-is-layout-flow\" style=\"padding-top:0;padding-right:0;padding-bottom:0;padding-left:0;flex-basis:50%\">\n<figure data-wp-context=\"{&quot;imageId&quot;:&quot;6a0596c2b7707&quot;}\" data-wp-interactive=\"core\/image\" data-wp-key=\"6a0596c2b7707\" class=\"wp-block-image aligncenter size-large animated fadeIn slow wp-lightbox-container\"><img loading=\"lazy\" decoding=\"async\" width=\"1024\" height=\"683\" data-wp-class--hide=\"state.isContentHidden\" data-wp-class--show=\"state.isContentVisible\" data-wp-init=\"callbacks.setButtonStyles\" data-wp-on--click=\"actions.showLightbox\" data-wp-on--load=\"callbacks.setButtonStyles\" data-wp-on-window--resize=\"callbacks.setButtonStyles\" src=\"https:\/\/giterossignoliere.fr\/wp-content\/uploads\/2025\/08\/jugs-2652695_1920-1024x683.jpg\" alt=\"\" class=\"wp-image-421\" style=\"aspect-ratio:1;object-fit:cover\" srcset=\"https:\/\/giterossignoliere.fr\/wp-content\/uploads\/2025\/08\/jugs-2652695_1920-1024x683.jpg 1024w, https:\/\/giterossignoliere.fr\/wp-content\/uploads\/2025\/08\/jugs-2652695_1920-300x200.jpg 300w, https:\/\/giterossignoliere.fr\/wp-content\/uploads\/2025\/08\/jugs-2652695_1920-768x512.jpg 768w, https:\/\/giterossignoliere.fr\/wp-content\/uploads\/2025\/08\/jugs-2652695_1920-1536x1024.jpg 1536w, https:\/\/giterossignoliere.fr\/wp-content\/uploads\/2025\/08\/jugs-2652695_1920.jpg 1920w\" sizes=\"auto, (max-width: 1024px) 100vw, 1024px\" \/><button\n\t\t\tclass=\"lightbox-trigger\"\n\t\t\ttype=\"button\"\n\t\t\taria-haspopup=\"dialog\"\n\t\t\taria-label=\"Agrandir\"\n\t\t\tdata-wp-init=\"callbacks.initTriggerButton\"\n\t\t\tdata-wp-on--click=\"actions.showLightbox\"\n\t\t\tdata-wp-style--right=\"state.imageButtonRight\"\n\t\t\tdata-wp-style--top=\"state.imageButtonTop\"\n\t\t>\n\t\t\t<svg xmlns=\"http:\/\/www.w3.org\/2000\/svg\" width=\"12\" height=\"12\" fill=\"none\" viewBox=\"0 0 12 12\">\n\t\t\t\t<path fill=\"#fff\" d=\"M2 0a2 2 0 0 0-2 2v2h1.5V2a.5.5 0 0 1 .5-.5h2V0H2Zm2 10.5H2a.5.5 0 0 1-.5-.5V8H0v2a2 2 0 0 0 2 2h2v-1.5ZM8 12v-1.5h2a.5.5 0 0 0 .5-.5V8H12v2a2 2 0 0 1-2 2H8Zm2-12a2 2 0 0 1 2 2v2h-1.5V2a.5.5 0 0 0-.5-.5H8V0h2Z\" \/>\n\t\t\t<\/svg>\n\t\t<\/button><\/figure>\n<\/div>\n\n\n\n<div class=\"wp-block-column is-vertically-aligned-center is-layout-constrained wp-container-core-column-is-layout-c40bd83a wp-block-column-is-layout-constrained\" style=\"padding-top:var(--wp--preset--spacing--80);padding-right:var(--wp--preset--spacing--60);padding-bottom:var(--wp--preset--spacing--80);padding-left:var(--wp--preset--spacing--60);flex-basis:50%\">\n<div class=\"wp-block-group is-layout-constrained wp-container-core-group-is-layout-92b9201d wp-block-group-is-layout-constrained\">\n<p class=\"has-small-font-size\" style=\"font-style:normal;font-weight:600;letter-spacing:2px;text-transform:uppercase\">Vous venez ?<\/p>\n\n\n\n<h2 class=\"wp-block-heading has-huge-font-size\">R\u00e9servez en un seul clic<\/h2>\n\n\n\n<p class=\"has-large-font-size\">Ne tardez pas&#8230;<\/p>\n<\/div>\n\n\n\n<div class=\"wp-block-buttons is-layout-flex wp-block-buttons-is-layout-flex\">\n<div class=\"wp-block-button\"><a class=\"wp-block-button__link wp-element-button\" href=\"https:\/\/giterossignoliere.fr\/index.php\/reservation-contact\/\">Nous contacter<\/a><\/div>\n<\/div>\n<\/div>\n<\/div>\n<\/div>\n","protected":false},"excerpt":{"rendered":"<p>Description Vous venez ? R\u00e9servez en un seul clic Ne tardez pas&#8230;<\/p>\n","protected":false},"author":1,"featured_media":0,"parent":0,"menu_order":0,"comment_status":"closed","ping_status":"closed","template":"template-plain","meta":{"_themeisle_gutenberg_block_has_review":false,"footnotes":""},"class_list":["post-54","page","type-page","status-publish","hentry"],"_links":{"self":[{"href":"https:\/\/giterossignoliere.fr\/index.php\/wp-json\/wp\/v2\/pages\/54","targetHints":{"allow":["GET"]}}],"collection":[{"href":"https:\/\/giterossignoliere.fr\/index.php\/wp-json\/wp\/v2\/pages"}],"about":[{"href":"https:\/\/giterossignoliere.fr\/index.php\/wp-json\/wp\/v2\/types\/page"}],"author":[{"embeddable":true,"href":"https:\/\/giterossignoliere.fr\/index.php\/wp-json\/wp\/v2\/users\/1"}],"replies":[{"embeddable":true,"href":"https:\/\/giterossignoliere.fr\/index.php\/wp-json\/wp\/v2\/comments?post=54"}],"version-history":[{"count":44,"href":"https:\/\/giterossignoliere.fr\/index.php\/wp-json\/wp\/v2\/pages\/54\/revisions"}],"predecessor-version":[{"id":487,"href":"https:\/\/giterossignoliere.fr\/index.php\/wp-json\/wp\/v2\/pages\/54\/revisions\/487"}],"wp:attachment":[{"href":"https:\/\/giterossignoliere.fr\/index.php\/wp-json\/wp\/v2\/media?parent=54"}],"curies":[{"name":"wp","href":"https:\/\/api.w.org\/{rel}","templated":true}]}}