{"id":53,"date":"2024-02-27T21:30:08","date_gmt":"2024-02-27T20:30:08","guid":{"rendered":"https:\/\/giterossignoliere.fr\/index.php\/contact-page\/"},"modified":"2025-08-16T14:04:46","modified_gmt":"2025-08-16T12:04:46","slug":"reservation-contact","status":"publish","type":"page","link":"https:\/\/giterossignoliere.fr\/index.php\/reservation-contact\/","title":{"rendered":"Me contacter"},"content":{"rendered":"\n<div class=\"wp-block-group alignfull has-raft-bg-alt-background-color has-background is-layout-constrained wp-container-core-group-is-layout-ca21e7af wp-block-group-is-layout-constrained\" style=\"margin-top:0;margin-bottom:0;padding-top:var(--wp--preset--spacing--80);padding-right:var(--wp--preset--spacing--40);padding-bottom:var(--wp--preset--spacing--80);padding-left:var(--wp--preset--spacing--40)\">\n<h1 class=\"wp-block-heading alignwide has-text-align-center\">&amp; r\u00e9server<\/h1>\n<\/div>\n\n\n\n<div class=\"wp-block-group alignfull is-layout-constrained wp-container-core-group-is-layout-cf815ef3 wp-block-group-is-layout-constrained\" style=\"margin-top:0px;margin-bottom:0px;padding-top:var(--wp--preset--spacing--80);padding-right:var(--wp--preset--spacing--40);padding-bottom:var(--wp--preset--spacing--80);padding-left:var(--wp--preset--spacing--40)\">\n<div class=\"wp-block-group alignwide is-layout-flow wp-container-core-group-is-layout-08d096aa wp-block-group-is-layout-flow\">\n<div class=\"wp-block-group is-layout-constrained wp-block-group-is-layout-constrained\">\n<div class=\"wp-block-group alignfull has-raft-fg-alt-color has-raft-accent-background-color has-text-color has-background has-link-color wp-elements-b64d0be4b7286eecde2e3feb28e407c5 is-layout-constrained wp-container-core-group-is-layout-87092498 wp-block-group-is-layout-constrained\" style=\"margin-top:0;margin-bottom:0;padding-top:var(--wp--preset--spacing--80);padding-right:var(--wp--preset--spacing--40);padding-bottom:var(--wp--preset--spacing--80);padding-left:var(--wp--preset--spacing--40)\">\n<div class=\"wp-block-group is-layout-constrained wp-container-core-group-is-layout-92b9201d wp-block-group-is-layout-constrained\">\n<h2 class=\"wp-block-heading has-text-align-center has-white-color has-text-color has-link-color has-x-large-font-size wp-elements-fe84d958277d4de4b79778a443e7d125\" style=\"letter-spacing:15px\">Commen\u00e7ons d\u00e8s aujourd&rsquo;hui, prenons contact&nbsp;!<\/h2>\n\n\n\n<div class=\"wp-block-buttons is-content-justification-center is-layout-flex wp-container-core-buttons-is-layout-a89b3969 wp-block-buttons-is-layout-flex\"><\/div>\n<\/div>\n<\/div>\n<\/div>\n\n\n\n<div class=\"wp-block-group alignfull is-layout-constrained wp-container-core-group-is-layout-4df73788 wp-block-group-is-layout-constrained\" style=\"padding-top:0;padding-right:0;padding-bottom:0;padding-left:0\">\n<div class=\"wp-block-group alignwide is-layout-flow wp-block-group-is-layout-flow\">\n<div class=\"wp-block-columns is-layout-flex wp-container-core-columns-is-layout-28f84493 wp-block-columns-is-layout-flex\">\n<div class=\"wp-block-column is-vertically-aligned-center is-layout-flow wp-block-column-is-layout-flow\">\n<div class=\"wp-block-group is-content-justification-left is-layout-constrained wp-container-core-group-is-layout-4d29753e wp-block-group-is-layout-constrained\" style=\"border-radius:5px;padding-top:0;padding-right:0;padding-bottom:0;padding-left:0\">\n<h2 class=\"wp-block-heading has-text-align-center\">me contacter :<\/h2>\n\n\n\n<p><\/p>\n<\/div>\n<\/div>\n\n\n\n<div class=\"wp-block-column is-vertically-aligned-top has-raft-bg-alt-background-color has-background is-layout-flow wp-block-column-is-layout-flow\" style=\"padding-top:var(--wp--preset--spacing--60);padding-right:var(--wp--preset--spacing--60);padding-bottom:var(--wp--preset--spacing--60);padding-left:var(--wp--preset--spacing--60)\">\n<div class=\"wp-block-group is-content-justification-left is-layout-constrained wp-container-core-group-is-layout-4aa91cc0 wp-block-group-is-layout-constrained\">\n<hr class=\"wp-block-separator has-text-color has-raft-accent-color has-alpha-channel-opacity has-raft-accent-background-color has-background\"\/>\n\n\n\n<div class=\"wp-block-group is-content-justification-space-between is-layout-flex wp-container-core-group-is-layout-ceead2e9 wp-block-group-is-layout-flex\">\n<p class=\"has-small-font-size\" style=\"font-style:normal;font-weight:600;letter-spacing:2px;text-transform:uppercase\">Portable<\/p>\n\n\n\n<p>06 66 15 28 16<\/p>\n<\/div>\n\n\n\n<hr class=\"wp-block-separator has-text-color has-raft-accent-color has-alpha-channel-opacity has-raft-accent-background-color has-background\"\/>\n\n\n\n<div class=\"wp-block-group is-content-justification-space-between is-layout-flex wp-container-core-group-is-layout-ceead2e9 wp-block-group-is-layout-flex\">\n<p class=\"has-small-font-size\" style=\"font-style:normal;font-weight:600;letter-spacing:2px;text-transform:uppercase\">Mail<\/p>\n\n\n\n<p>chfraislon@gmail.com<\/p>\n<\/div>\n<\/div>\n<\/div>\n<\/div>\n<\/div>\n<\/div>\n<\/div>\n\n\n\n<figure class=\"wp-block-image size-full animated fadeIn delay-2s slow\"><img loading=\"lazy\" decoding=\"async\" width=\"2560\" height=\"1920\" src=\"https:\/\/giterossignoliere.fr\/wp-content\/uploads\/2025\/08\/singing-3948645-scaled.jpg\" alt=\"\" class=\"wp-image-424\" style=\"aspect-ratio:16\/9;object-fit:cover\" srcset=\"https:\/\/giterossignoliere.fr\/wp-content\/uploads\/2025\/08\/singing-3948645-scaled.jpg 2560w, https:\/\/giterossignoliere.fr\/wp-content\/uploads\/2025\/08\/singing-3948645-300x225.jpg 300w, https:\/\/giterossignoliere.fr\/wp-content\/uploads\/2025\/08\/singing-3948645-1024x768.jpg 1024w, https:\/\/giterossignoliere.fr\/wp-content\/uploads\/2025\/08\/singing-3948645-768x576.jpg 768w, https:\/\/giterossignoliere.fr\/wp-content\/uploads\/2025\/08\/singing-3948645-1536x1152.jpg 1536w, https:\/\/giterossignoliere.fr\/wp-content\/uploads\/2025\/08\/singing-3948645-2048x1536.jpg 2048w\" sizes=\"auto, (max-width: 2560px) 100vw, 2560px\" \/><\/figure>\n<\/div>\n\n\n\n<div style=\"height:37px\" aria-hidden=\"true\" class=\"wp-block-spacer\"><\/div>\n\n\n\n<details class=\"wp-block-details alignfull has-raft-bg-color has-text-color has-background has-link-color has-normal-font-size wp-elements-e1be35776ae2b529342c00d920902a27 is-layout-flow wp-container-core-details-is-layout-47e5a185 wp-block-details-is-layout-flow\" style=\"border-width:14px;background:linear-gradient(268deg,rgb(202,248,128) 51%,rgb(113,206,126) 100%)\"><summary>site r\u00e9alis\u00e9 par <em>pierrot<\/em><\/summary>\n<p class=\"has-raft-bg-inv-color has-text-color has-link-color wp-elements-2c96581ec8a53d058ab40e7d3d62f887\">contact@myphb.fr &#8211; <a href=\"http:\/\/www.myphb.fr\" target=\"_blank\" rel=\"noreferrer noopener\">www.myphb.fr<\/a><\/p>\n<\/details>\n\n\n\n<p><\/p>\n","protected":false},"excerpt":{"rendered":"<p>&amp; r\u00e9server Commen\u00e7ons d\u00e8s aujourd&rsquo;hui, prenons contact&nbsp;! me contacter : Portable 06 66 15 28 16 Mail chfraislon@gmail.com<\/p>\n","protected":false},"author":1,"featured_media":0,"parent":0,"menu_order":0,"comment_status":"closed","ping_status":"closed","template":"template-plain","meta":{"_themeisle_gutenberg_block_has_review":false,"footnotes":""},"class_list":["post-53","page","type-page","status-publish","hentry"],"_links":{"self":[{"href":"https:\/\/giterossignoliere.fr\/index.php\/wp-json\/wp\/v2\/pages\/53","targetHints":{"allow":["GET"]}}],"collection":[{"href":"https:\/\/giterossignoliere.fr\/index.php\/wp-json\/wp\/v2\/pages"}],"about":[{"href":"https:\/\/giterossignoliere.fr\/index.php\/wp-json\/wp\/v2\/types\/page"}],"author":[{"embeddable":true,"href":"https:\/\/giterossignoliere.fr\/index.php\/wp-json\/wp\/v2\/users\/1"}],"replies":[{"embeddable":true,"href":"https:\/\/giterossignoliere.fr\/index.php\/wp-json\/wp\/v2\/comments?post=53"}],"version-history":[{"count":44,"href":"https:\/\/giterossignoliere.fr\/index.php\/wp-json\/wp\/v2\/pages\/53\/revisions"}],"predecessor-version":[{"id":542,"href":"https:\/\/giterossignoliere.fr\/index.php\/wp-json\/wp\/v2\/pages\/53\/revisions\/542"}],"wp:attachment":[{"href":"https:\/\/giterossignoliere.fr\/index.php\/wp-json\/wp\/v2\/media?parent=53"}],"curies":[{"name":"wp","href":"https:\/\/api.w.org\/{rel}","templated":true}]}}