{"id":302,"date":"2024-03-02T21:47:45","date_gmt":"2024-03-02T20:47:45","guid":{"rendered":"https:\/\/giterossignoliere.fr\/?page_id=302"},"modified":"2026-01-27T17:05:21","modified_gmt":"2026-01-27T16:05:21","slug":"tarif","status":"publish","type":"page","link":"https:\/\/giterossignoliere.fr\/index.php\/tarif\/","title":{"rendered":"Conditions tarifaires"},"content":{"rendered":"\n<h5 class=\"wp-block-heading has-text-align-left has-white-color has-text-color has-link-color wp-elements-9568994c17da106ee581e11a98c56933\">&amp; <strong>r\u00e9servations<\/strong><\/h5>\n\n\n\n<div class=\"wp-block-group has-raft-accent-secondary-color has-text-color has-link-color wp-elements-a93e23b0af6a717e82a21535f6e96c39 is-layout-constrained wp-block-group-is-layout-constrained\">\n<div id=\"wp-block-themeisle-blocks-circle-counter-91f64b83\" data-percentage=\"99\" data-duration=\"2\" data-height=\"100\" data-stroke-width=\"10\" data-progress-stroke=\"#fcb900\" class=\"wp-block-themeisle-blocks-circle-counter\"><div class=\"wp-block-themeisle-blocks-circle-counter-title__area\"><span class=\"wp-block-themeisle-blocks-circle-counter-title__value\">Objectif de satisfaction<\/span><\/div><div class=\"wp-block-themeisle-blocks-circle-counter__bar\"><\/div><\/div>\n<\/div>\n\n\n\n<p>La r\u00e9servation n&rsquo;est effective qu\u2019apr\u00e8s le versement de 30 % du montant de la location \u00e0 titre d\u2019arrhes, le solde est r\u00e9gl\u00e9 1 mois avant le d\u00e9but du s\u00e9jour.<br>En cas de r\u00e9servation tardive (moins d&rsquo;un mois avant le d\u00e9but du s\u00e9jour), la totalit\u00e9 du  r\u00e8glement est exig\u00e9e au moment de la r\u00e9servation.<\/p>\n\n\n\n<hr class=\"wp-block-separator has-alpha-channel-opacity\"\/>\n\n\n\n<div style=\"height:32px\" aria-hidden=\"true\" class=\"wp-block-spacer\"><\/div>\n\n\n\n<figure class=\"wp-block-table o-typing-fast\"><table class=\"has-raft-bg-alt-background-color has-background\"><thead><tr><th><strong><o-anim-typing>P\u00e9riode tarifaire &#8211; <em>tariff periods<\/em> &#8211; 202<\/o-anim-typing><\/strong>6 <\/th><th class=\"has-text-align-right\" data-align=\"right\">\u20ac<\/th><\/tr><\/thead><tbody><tr><td>Tarif par semaine du 1\/5 au 30\/9 &#8211; (samedi 16 h &#8211; samedi 10 h)<br><em>By week<\/em>  from 1\/5 to  30\/9  &#8211; <em>(saturday 4 pm &#8211; saturday 10 am)<\/em><\/td><td class=\"has-text-align-right\" data-align=\"right\">400<\/td><\/tr><tr><td>Tarif par semaine du 1\/10 au 30\/4  &#8211; (samedi 16 h &#8211; samedi 10 h)<br><em>By week<\/em> from 1\/10 to 30\/4  &#8211; <em>(saturday 4 pm &#8211; saturday 10 am<\/em>)<\/td><td class=\"has-text-align-right\" data-align=\"right\">500<\/td><\/tr><tr><td>Tarif weekend du 1\/5 au 30\/9 &#8211; (vendredi 18 h &#8211; dimanche 18 h)<br><em>Weekend <\/em>from 1\/5 to 30\/9 &#8211; <em>(friday 6 pm &#8211; sunday 6 pm)<\/em><\/td><td class=\"has-text-align-right\" data-align=\"right\">300<\/td><\/tr><tr><td>Tarif weekend du 1\/10 au 30\/4  &#8211; (vendredi 18 h &#8211; dimanche 18 h)<br><em>Weekend <\/em>from 1\/10 to 30\/4 <em>(friday 6 pm &#8211; sunday 6 pm)<\/em><\/td><td class=\"has-text-align-right\" data-align=\"right\">350<\/td><\/tr><tr><td>Tarif mid week (lundi 10 h &#8211; vendredi 10 h)<br><em>Mid Week (monday 10 am &#8211; friday 10 am)<\/em><\/td><td class=\"has-text-align-right\" data-align=\"right\">390<\/td><\/tr><tr><td>Nuit suppl\u00e9mentaire<br><em>Extra night<\/em><\/td><td class=\"has-text-align-right\" data-align=\"right\">70<\/td><\/tr><tr><td>Tarif No\u00ebl ou jour de l&rsquo;an<br><em>Christmas or New Year<\/em><\/td><td class=\"has-text-align-right\" data-align=\"right\">380<\/td><\/tr><\/tbody><\/table><figcaption class=\"wp-element-caption\"><strong>Sont inclus l&rsquo;eau, l&rsquo;\u00e9lectricit\u00e9 et le chauffage  &#8211; <em>Are included in the price : water, electricity \/ he<\/em><\/strong><em>ating<\/em><\/figcaption><\/figure>\n\n\n\n<p class=\"has-text-align-center\">La taxe de s\u00e9jour est due en sus, \u00e0 raison de 0,66 \u20ac\/nuit\u00e9e\/personne. <em>The tourist tax amounts to \u20ac0.66 per night and per person, is not included in the price.<\/em><\/p>\n\n\n\n<p class=\"has-text-align-center\"><em>Le m\u00e9nage co\u00fbte 110 \u20ac s&rsquo;il n&rsquo;est pas r\u00e9alis\u00e9 au moment du d\u00e9part. Menage : 110 \u20ac if not done at the start.<\/em><\/p>\n\n\n\n<div id=\"wp-block-themeisle-blocks-button-group-f942f83c\" class=\"wp-block-themeisle-blocks-button-group wp-block-buttons\">\n<div id=\"wp-block-themeisle-blocks-button-3a0a56fe\" class=\"wp-block-themeisle-blocks-button wp-block-button\"><a href=\"https:\/\/giterossignoliere.fr\/index.php\/reservation-contact\/\" target=\"_self\" rel=\"noopener noreferrer\" class=\"wp-block-button__link\"><span>R\u00e9server<\/span><\/a><\/div>\n<\/div>\n\n\n\n<hr class=\"wp-block-separator has-alpha-channel-opacity\"\/>\n\n\n\n<div class=\"wp-block-cover animated flip delay-1s fast has-raft-accent-color has-text-color has-link-color wp-elements-8a25026fdb1ebf18498a10d19a2d4d24\" style=\"border-style:none;border-width:0px;min-height:430px;aspect-ratio:unset;\"><img loading=\"lazy\" decoding=\"async\" width=\"1024\" height=\"683\" class=\"wp-block-cover__image-background wp-image-425 size-large\" alt=\"\" src=\"https:\/\/giterossignoliere.fr\/wp-content\/uploads\/2025\/08\/race-car-7624025_1920-1024x683.jpg\" data-object-fit=\"cover\" srcset=\"https:\/\/giterossignoliere.fr\/wp-content\/uploads\/2025\/08\/race-car-7624025_1920-1024x683.jpg 1024w, https:\/\/giterossignoliere.fr\/wp-content\/uploads\/2025\/08\/race-car-7624025_1920-300x200.jpg 300w, https:\/\/giterossignoliere.fr\/wp-content\/uploads\/2025\/08\/race-car-7624025_1920-768x512.jpg 768w, https:\/\/giterossignoliere.fr\/wp-content\/uploads\/2025\/08\/race-car-7624025_1920-1536x1024.jpg 1536w, https:\/\/giterossignoliere.fr\/wp-content\/uploads\/2025\/08\/race-car-7624025_1920.jpg 1920w\" sizes=\"auto, (max-width: 1024px) 100vw, 1024px\" \/><span aria-hidden=\"true\" class=\"wp-block-cover__background has-background-dim-20 has-background-dim\" style=\"background-color:#3f3f3b\"><\/span><div class=\"wp-block-cover__inner-container is-layout-constrained wp-block-cover-is-layout-constrained\">\n<p class=\"has-text-align-center has-luminous-vivid-amber-color has-text-color has-link-color has-huge-font-size wp-elements-58cd4c865aa37c44f4300d62d6bf9e9d\"><strong>\u00e0 bient\u00f4t<\/strong><\/p>\n<\/div><\/div>\n\n\n\n<p><\/p>\n","protected":false},"excerpt":{"rendered":"<p>&amp; r\u00e9servations La r\u00e9servation n&rsquo;est effective qu\u2019apr\u00e8s le versement de 30 % du montant de la location \u00e0 titre d\u2019arrhes, le solde est r\u00e9gl\u00e9 1 mois avant le d\u00e9but du s\u00e9jour.En cas de r\u00e9servation tardive (moins d&rsquo;un mois avant le d\u00e9but du s\u00e9jour), la totalit\u00e9 du r\u00e8glement est exig\u00e9e au moment de la r\u00e9servation. P\u00e9riode [&hellip;]<\/p>\n","protected":false},"author":1,"featured_media":0,"parent":0,"menu_order":0,"comment_status":"closed","ping_status":"closed","template":"","meta":{"_themeisle_gutenberg_block_has_review":false,"footnotes":""},"class_list":["post-302","page","type-page","status-publish","hentry"],"_links":{"self":[{"href":"https:\/\/giterossignoliere.fr\/index.php\/wp-json\/wp\/v2\/pages\/302","targetHints":{"allow":["GET"]}}],"collection":[{"href":"https:\/\/giterossignoliere.fr\/index.php\/wp-json\/wp\/v2\/pages"}],"about":[{"href":"https:\/\/giterossignoliere.fr\/index.php\/wp-json\/wp\/v2\/types\/page"}],"author":[{"embeddable":true,"href":"https:\/\/giterossignoliere.fr\/index.php\/wp-json\/wp\/v2\/users\/1"}],"replies":[{"embeddable":true,"href":"https:\/\/giterossignoliere.fr\/index.php\/wp-json\/wp\/v2\/comments?post=302"}],"version-history":[{"count":43,"href":"https:\/\/giterossignoliere.fr\/index.php\/wp-json\/wp\/v2\/pages\/302\/revisions"}],"predecessor-version":[{"id":558,"href":"https:\/\/giterossignoliere.fr\/index.php\/wp-json\/wp\/v2\/pages\/302\/revisions\/558"}],"wp:attachment":[{"href":"https:\/\/giterossignoliere.fr\/index.php\/wp-json\/wp\/v2\/media?parent=302"}],"curies":[{"name":"wp","href":"https:\/\/api.w.org\/{rel}","templated":true}]}}