{"id":2,"date":"2023-08-29T21:43:33","date_gmt":"2023-08-29T19:43:33","guid":{"rendered":"http:\/\/giterossignoliere.fr\/?page_id=2"},"modified":"2025-09-13T20:18:23","modified_gmt":"2025-09-13T18:18:23","slug":"decouvrez","status":"publish","type":"page","link":"https:\/\/giterossignoliere.fr\/index.php\/decouvrez\/","title":{"rendered":"D\u00e9couvrez"},"content":{"rendered":"\n<figure class=\"wp-block-image aligncenter size-full is-resized animated zoomInUp slower o-anim-hover\" id=\"wp-block-themeisle-blocks-image-19b18614\"><img loading=\"lazy\" decoding=\"async\" width=\"640\" height=\"480\" src=\"https:\/\/giterossignoliere.fr\/wp-content\/uploads\/2024\/02\/P1000587.jpg\" alt=\"\" class=\"wp-image-112\" style=\"aspect-ratio:16\/9;object-fit:cover;width:732px;height:auto\" srcset=\"https:\/\/giterossignoliere.fr\/wp-content\/uploads\/2024\/02\/P1000587.jpg 640w, https:\/\/giterossignoliere.fr\/wp-content\/uploads\/2024\/02\/P1000587-300x225.jpg 300w\" sizes=\"auto, (max-width: 640px) 100vw, 640px\" \/><\/figure>\n\n\n\n<figure class=\"wp-block-audio animated fadeInDown o-anim-hover\"><audio controls src=\"https:\/\/giterossignoliere.fr\/wp-content\/uploads\/2024\/02\/AMBBird_Reveil-des-oiseaux-4-ID-1906_LS.mp3\" autoplay loop><\/audio><\/figure>\n\n\n\n<h5 class=\"wp-block-heading has-text-align-center has-luminous-vivid-amber-color has-text-color has-link-color wp-elements-94d03d7f8f12cb41fd4ed40dd1e2961f\"><strong>&amp; retrouvez<\/strong> la nature et le calme dans cet ancien corps de ferme restaur\u00e9. <\/h5>\n\n\n\n<p class=\"has-text-align-center\">Cette fermette Sarthoise, se trouve \u00e0 proximit\u00e9 de Solesmes et de Malicorne.<\/p>\n\n\n\n<div id=\"wp-block-themeisle-blocks-advanced-columns-9b6e58a5\" class=\"wp-block-themeisle-blocks-advanced-columns has-4-columns has-desktop-equal-layout has-tablet-equal-layout has-mobile-collapsedRows-layout has-vertical-unset\"><div class=\"wp-block-themeisle-blocks-advanced-columns-overlay\"><\/div><div class=\"innerblocks-wrap\">\n<div id=\"wp-block-themeisle-blocks-advanced-column-5ced4e1e\" class=\"wp-block-themeisle-blocks-advanced-column\">\n<p class=\"has-text-align-center\"><strong>G\u00eete de 125 m\u00b2<\/strong><\/p>\n<\/div>\n\n\n\n<div id=\"wp-block-themeisle-blocks-advanced-column-4d0ce704\" class=\"wp-block-themeisle-blocks-advanced-column\">\n<p class=\"has-text-align-center\"><strong>6  personnes<\/strong><\/p>\n<\/div>\n\n\n\n<div id=\"wp-block-themeisle-blocks-advanced-column-6b7740f9\" class=\"wp-block-themeisle-blocks-advanced-column\">\n<p class=\"has-text-align-center\"><strong>3 chambres<\/strong><\/p>\n<\/div>\n\n\n\n<div id=\"wp-block-themeisle-blocks-advanced-column-0582abfd\" class=\"wp-block-themeisle-blocks-advanced-column\">\n<p class=\"has-text-align-center\"><strong>2 salles de bains<\/strong><\/p>\n<\/div>\n<\/div><\/div>\n\n\n\n<h5 class=\"wp-block-heading has-text-align-center has-luminous-vivid-amber-color has-text-color has-link-color wp-elements-393fd25073a6740281edd6cfa1dd2868\">Informations g\u00e9n\u00e9rales<\/h5>\n\n\n\n<hr class=\"wp-block-separator has-alpha-channel-opacity\"\/>\n\n\n\n<p class=\"has-text-align-center\">Dot\u00e9 d&rsquo;une terrasse, le G\u00eete se situe au Bailleul. Il dispose de 4 pi\u00e8ces, peut accueillir 6 personnes. Il offre une jolie vue sur le jardin.<\/p>\n\n\n\n<p class=\"has-text-align-center\">Cette maison de vacances 2 \u00e9pis se situe \u00e0 16 km de l&rsquo;abbaye de Solesmes,  \u00e0 19 km du parcours de golf de Sabl\u00e9 Solesmes et \u00e0 31 km du parcours de golf de Baug\u00e9. L&rsquo;a\u00e9roport le plus proche, celui de Tours Val de Loire est situ\u00e9 \u00e0 85 km.<\/p>\n\n\n\n<p class=\"has-text-align-center\">Elle comporte 3 chambres, une t\u00e9l\u00e9vision, un lave-linge et 2 salles de bains pourvues d&rsquo;une douche. Sa cuisine \u00e9quip\u00e9e comporte un r\u00e9frig\u00e9rateur et un four. Vous b\u00e9n\u00e9ficierez gratuitement d&rsquo;un parking priv\u00e9 et d&rsquo;une connexion Wi-Fi dans l&rsquo;ensemble des locaux.<\/p>\n\n\n\n<div class=\"wp-block-columns is-layout-flex wp-container-core-columns-is-layout-28f84493 wp-block-columns-is-layout-flex\">\n<div class=\"wp-block-column is-layout-flow wp-block-column-is-layout-flow\">\n<p class=\"has-text-align-center\"><strong>T\u00e9l\u00e9vision<\/strong><\/p>\n<\/div>\n\n\n\n<div class=\"wp-block-column is-layout-flow wp-block-column-is-layout-flow\">\n<p class=\"has-text-align-center\"><strong>Wifi gratuit<\/strong><\/p>\n<\/div>\n\n\n\n<div class=\"wp-block-column is-layout-flow wp-block-column-is-layout-flow\">\n<p class=\"has-text-align-center\"><strong>Parking gratuit priv\u00e9<\/strong><\/p>\n<\/div>\n<\/div>\n\n\n\n<ul class=\"wp-block-list\">\n<li>Les enfants sont les bienvenus<\/li>\n\n\n\n<li>Aucun lit de b\u00e9b\u00e9 ou d&rsquo;appoint n&rsquo;est disponible<\/li>\n\n\n\n<li>Nos amis les animaux de compagnie ne sont pas admis<\/li>\n<\/ul>\n\n\n\n<div style=\"height:68px\" aria-hidden=\"true\" class=\"wp-block-spacer\"><\/div>\n\n\n\n<div id=\"wp-block-themeisle-blocks-advanced-columns-bb51865e\" class=\"wp-block-themeisle-blocks-advanced-columns alignfull has-2-columns has-desktop-equal-layout has-tablet-equal-layout has-mobile-collapsedRows-layout has-vertical-center has-light-bg\"><div class=\"wp-block-themeisle-blocks-advanced-columns-overlay\"><\/div><div class=\"innerblocks-wrap\">\n<div id=\"wp-block-themeisle-blocks-advanced-column-82cb1100\" class=\"wp-block-themeisle-blocks-advanced-column\">\n<h2 class=\"wp-block-heading has-luminous-vivid-amber-color has-text-color\" style=\"font-size:42px\">Voulez-vous en savoir davantage ? <\/h2>\n\n\n\n<p class=\"has-text-color\" style=\"color:#ffffff\">je suis \u00e0 votre disposition pour \u00e9changer sur tous les sujets concernant nos g\u00eetes&#8230;<\/p>\n\n\n\n<div id=\"wp-block-themeisle-blocks-button-group-4827ed09\" class=\"wp-block-themeisle-blocks-button-group wp-block-buttons\">\n<div id=\"wp-block-themeisle-blocks-button-b0700616\" class=\"wp-block-themeisle-blocks-button wp-block-button\"><a href=\"https:\/\/giterossignoliere.fr\/index.php\/reservation-contact\/\" target=\"_blank\" rel=\"noopener\" class=\"wp-block-button__link\"><span>me contacter<\/span><\/a><\/div>\n<\/div>\n<\/div>\n\n\n\n<div id=\"wp-block-themeisle-blocks-advanced-column-daf82ac0\" class=\"wp-block-themeisle-blocks-advanced-column\">\n<figure class=\"wp-block-image aligncenter size-full is-resized ticss-ed90fdbb\"><img decoding=\"async\" src=\"https:\/\/api.themeisle.com\/templates-data\/2023\/02\/ebf0233ced7259cf0838b7ba6d3aee07wh0f6z0m3o79z72atqzw\/images\/services-01.png\" alt=\"\" class=\"wp-image-44\" style=\"width:277px;height:413px\"\/><\/figure>\n<\/div>\n<\/div><\/div>\n\n\n\n<p><\/p>\n","protected":false},"excerpt":{"rendered":"<p>&amp; retrouvez la nature et le calme dans cet ancien corps de ferme restaur\u00e9. Cette fermette Sarthoise, se trouve \u00e0 proximit\u00e9 de Solesmes et de Malicorne. Informations g\u00e9n\u00e9rales Dot\u00e9 d&rsquo;une terrasse, le G\u00eete se situe au Bailleul. Il dispose de 4 pi\u00e8ces, peut accueillir 6 personnes. Il offre une jolie vue sur le jardin. Cette [&hellip;]<\/p>\n","protected":false},"author":1,"featured_media":0,"parent":0,"menu_order":0,"comment_status":"closed","ping_status":"open","template":"","meta":{"_themeisle_gutenberg_block_has_review":false,"footnotes":""},"class_list":["post-2","page","type-page","status-publish","hentry"],"_links":{"self":[{"href":"https:\/\/giterossignoliere.fr\/index.php\/wp-json\/wp\/v2\/pages\/2","targetHints":{"allow":["GET"]}}],"collection":[{"href":"https:\/\/giterossignoliere.fr\/index.php\/wp-json\/wp\/v2\/pages"}],"about":[{"href":"https:\/\/giterossignoliere.fr\/index.php\/wp-json\/wp\/v2\/types\/page"}],"author":[{"embeddable":true,"href":"https:\/\/giterossignoliere.fr\/index.php\/wp-json\/wp\/v2\/users\/1"}],"replies":[{"embeddable":true,"href":"https:\/\/giterossignoliere.fr\/index.php\/wp-json\/wp\/v2\/comments?post=2"}],"version-history":[{"count":68,"href":"https:\/\/giterossignoliere.fr\/index.php\/wp-json\/wp\/v2\/pages\/2\/revisions"}],"predecessor-version":[{"id":550,"href":"https:\/\/giterossignoliere.fr\/index.php\/wp-json\/wp\/v2\/pages\/2\/revisions\/550"}],"wp:attachment":[{"href":"https:\/\/giterossignoliere.fr\/index.php\/wp-json\/wp\/v2\/media?parent=2"}],"curies":[{"name":"wp","href":"https:\/\/api.w.org\/{rel}","templated":true}]}}